{"id":28341,"date":"2023-04-17T10:02:36","date_gmt":"2023-04-17T07:02:36","guid":{"rendered":"https:\/\/misemhomes.com\/?page_id=28341"},"modified":"2023-08-18T15:44:03","modified_gmt":"2023-08-18T12:44:03","slug":"sell-your-property","status":"publish","type":"page","link":"https:\/\/misemhomes.com\/de\/sell-your-property\/","title":{"rendered":"Wir verkaufen Ihre Immobilie"},"content":{"rendered":"<p>[vc_row][vc_column]<div class=\"hero default\">Wir verkaufen Ihre Immobilie<\/div>[\/vc_column][\/vc_row][vc_row][vc_column][vc_column_text]Verkauf Ihrer Immobilie mit Hilfe einer Immobilienagentur in der T\u00fcrkei<br \/>\nBeyProperty Alanya &#8211; bietet Dienstleistungen f\u00fcr den Verkauf Ihrer Immobilie in der T\u00fcrkei an.<\/p>\n<p>Sie k\u00f6nnen uns kontaktieren, wenn Sie Ihre Immobilie sicher und schnell verkaufen m\u00f6chten. Als angesehenes Immobilienunternehmen in der T\u00fcrkei haben wir enorme Erfahrung im Kauf und Verkauf von Wohnungen gesammelt!<br \/>\nWarum sollten Sie sich an uns wenden?<br \/>\nDas erste ist die maximale Anzahl an Ansichten.Ihr Objekt wird auf den Websites und Internetseiten unseres Unternehmens sowie auf f\u00fchrenden Immobilienportalen platziert. Jeder, der Wohnungssuche macht, wird ihn sehen. Dies erh\u00f6ht die M\u00f6glichkeit eines schnellen Verkaufs, da unsere Websites t\u00e4glich von Tausenden von Menschen aus der ganzen Welt besucht werden.<br \/>\n* Die zweite ist K\u00e4ufer aus dem Ausland. Ausl\u00e4nder.<br \/>\nDie Anzeige zum Verkauf Ihrer Immobilie wird in 4 Sprachen ver\u00f6ffentlicht. Unsere professionellen Spezialisten f\u00fchren ihre Arbeit in mehr als 4 Sprachen durch. Auf diese Weise k\u00f6nnen in Zukunft nicht nur t\u00fcrkische Staatsb\u00fcrger, sondern auch Ausl\u00e4nder aus anderen L\u00e4ndern der Welt K\u00e4ufer Ihrer Immobilie werden.<\/p>\n<p>* Professionelle Werbung<br \/>\nUnser professioneller Fotograf wird Fotos machen und das Team wird eine Anzeige erstellen, in der die wichtigsten und vorteilhaften Eigenschaften Ihres Immobilienobjekts f\u00fcr den erfolgreichen Verkauf hervorgehoben werden.<\/p>\n<p>* Immobilienbewertungsbericht<br \/>\nWir helfen Ihnen, einen Bericht \u00fcber die Bewertung von Immobilien zu erstellen, dessen Verf\u00fcgbarkeit f\u00fcr ausl\u00e4ndische K\u00e4ufer obligatorisch ist. Wir werden dies so schnell wie m\u00f6glich tun, mit 100% Genauigkeit der Daten.<\/p>\n<p>Und nat\u00fcrlich werden wir Ihre Immobilie profitabel verkaufen, denn es gibt bereits Hunderte erfolgreicher Gesch\u00e4fte hinter unseren Schultern. Und wir sind zuversichtlich, dass dieses Ergebnis sowohl f\u00fcr den Verk\u00e4ufer als auch f\u00fcr den K\u00e4ufer von Vorteil sein wird.[\/vc_column_text][\/vc_column][\/vc_row]<\/p>","protected":false},"excerpt":{"rendered":"<p>[vc_row][vc_column][\/vc_column][\/vc_row][vc_row][vc_column][vc_column_text]Verkauf Ihrer Immobilie mit Hilfe einer Immobilienagentur in der T\u00fcrkei BeyProperty Alanya &#8211; bietet Dienstleistungen f\u00fcr den Verkauf Ihrer Immobilie in der T\u00fcrkei an. Sie k\u00f6nnen uns kontaktieren, wenn Sie Ihre Immobilie sicher und schnell verkaufen m\u00f6chten. Als angesehenes Immobilienunternehmen in der T\u00fcrkei haben wir enorme Erfahrung im Kauf und Verkauf von Wohnungen gesammelt! Warum [&hellip;]<\/p>\n","protected":false},"author":5,"featured_media":0,"parent":0,"menu_order":0,"comment_status":"closed","ping_status":"closed","template":"","meta":{"inline_featured_image":false,"footnotes":""},"class_list":["post-28341","page","type-page","status-publish","hentry"],"_links":{"self":[{"href":"https:\/\/misemhomes.com\/de\/wp-json\/wp\/v2\/pages\/28341","targetHints":{"allow":["GET"]}}],"collection":[{"href":"https:\/\/misemhomes.com\/de\/wp-json\/wp\/v2\/pages"}],"about":[{"href":"https:\/\/misemhomes.com\/de\/wp-json\/wp\/v2\/types\/page"}],"author":[{"embeddable":true,"href":"https:\/\/misemhomes.com\/de\/wp-json\/wp\/v2\/users\/5"}],"replies":[{"embeddable":true,"href":"https:\/\/misemhomes.com\/de\/wp-json\/wp\/v2\/comments?post=28341"}],"version-history":[{"count":3,"href":"https:\/\/misemhomes.com\/de\/wp-json\/wp\/v2\/pages\/28341\/revisions"}],"predecessor-version":[{"id":32851,"href":"https:\/\/misemhomes.com\/de\/wp-json\/wp\/v2\/pages\/28341\/revisions\/32851"}],"wp:attachment":[{"href":"https:\/\/misemhomes.com\/de\/wp-json\/wp\/v2\/media?parent=28341"}],"curies":[{"name":"wp","href":"https:\/\/api.w.org\/{rel}","templated":true}]}}